{"id":3894,"date":"2016-10-17T17:40:22","date_gmt":"2016-10-17T15:40:22","guid":{"rendered":"http:\/\/www.cadeauxfolies.fr\/blog\/?page_id=3894"},"modified":"2016-10-24T15:13:11","modified_gmt":"2016-10-24T13:13:11","slug":"printables","status":"publish","type":"page","link":"https:\/\/www.cadeauxfolies.fr\/blog\/printables","title":{"rendered":"Printables CadeauxFolies"},"content":{"rendered":"<div data-carousel-extra='{\"blog_id\":1,\"permalink\":\"https:\\\/\\\/www.cadeauxfolies.fr\\\/blog\\\/printables\",\"likes_blog_id\":false}' id='gallery-2' class='gallery galleryid-3894 gallery-columns-2 gallery-size-large'><figure class='gallery-item'>\n\t\t\t<div class='gallery-icon landscape'>\n\t\t\t\t<a href=\"http:\/\/www.cadeauxfolies.fr\/blog\/wp-content\/uploads\/2016\/10\/Rendier-doosjes-printable.pdf\" target=\"_blank\" class=\"set-target no-lightbox\"><img loading=\"lazy\" decoding=\"async\" width=\"608\" height=\"350\" src=\"https:\/\/www.cadeauxfolies.fr\/blog\/wp-content\/uploads\/2016\/10\/61.jpg\" class=\"attachment-large size-large\" alt=\"Printable CadeauxFolies\" srcset=\"https:\/\/www.cadeauxfolies.fr\/blog\/wp-content\/uploads\/2016\/10\/61.jpg 608w, https:\/\/www.cadeauxfolies.fr\/blog\/wp-content\/uploads\/2016\/10\/61-300x173.jpg 300w, https:\/\/www.cadeauxfolies.fr\/blog\/wp-content\/uploads\/2016\/10\/61-160x92.jpg 160w\" sizes=\"auto, (max-width: 608px) 100vw, 608px\" data-attachment-id=\"3903\" data-orig-file=\"https:\/\/www.cadeauxfolies.fr\/blog\/wp-content\/uploads\/2016\/10\/61.jpg\" data-orig-size=\"608,350\" data-comments-opened=\"1\" data-image-meta=\"{&quot;aperture&quot;:&quot;0&quot;,&quot;credit&quot;:&quot;&quot;,&quot;camera&quot;:&quot;&quot;,&quot;caption&quot;:&quot;&quot;,&quot;created_timestamp&quot;:&quot;0&quot;,&quot;copyright&quot;:&quot;&quot;,&quot;focal_length&quot;:&quot;0&quot;,&quot;iso&quot;:&quot;0&quot;,&quot;shutter_speed&quot;:&quot;0&quot;,&quot;title&quot;:&quot;&quot;,&quot;orientation&quot;:&quot;0&quot;}\" data-image-title=\"Printable CadeauxFolies\" data-image-description=\"\" data-medium-file=\"https:\/\/www.cadeauxfolies.fr\/blog\/wp-content\/uploads\/2016\/10\/61-300x173.jpg\" data-large-file=\"https:\/\/www.cadeauxfolies.fr\/blog\/wp-content\/uploads\/2016\/10\/61.jpg\" \/><\/a>\n\t\t\t<\/div><\/figure><figure class='gallery-item'>\n\t\t\t<div class='gallery-icon landscape'>\n\t\t\t\t<a href=\"http:\/\/www.cadeauxfolies.fr\/blog\/wp-content\/uploads\/2016\/10\/Printable-in-all-languages.pdf\" target=\"_blank\" class=\"set-target no-lightbox\"><img loading=\"lazy\" decoding=\"async\" width=\"608\" height=\"350\" src=\"https:\/\/www.cadeauxfolies.fr\/blog\/wp-content\/uploads\/2016\/10\/51.jpg\" class=\"attachment-large size-large\" alt=\"Printable CadeauxFolies\" srcset=\"https:\/\/www.cadeauxfolies.fr\/blog\/wp-content\/uploads\/2016\/10\/51.jpg 608w, https:\/\/www.cadeauxfolies.fr\/blog\/wp-content\/uploads\/2016\/10\/51-300x173.jpg 300w, https:\/\/www.cadeauxfolies.fr\/blog\/wp-content\/uploads\/2016\/10\/51-160x92.jpg 160w\" sizes=\"auto, (max-width: 608px) 100vw, 608px\" data-attachment-id=\"3902\" data-orig-file=\"https:\/\/www.cadeauxfolies.fr\/blog\/wp-content\/uploads\/2016\/10\/51.jpg\" data-orig-size=\"608,350\" data-comments-opened=\"1\" data-image-meta=\"{&quot;aperture&quot;:&quot;0&quot;,&quot;credit&quot;:&quot;&quot;,&quot;camera&quot;:&quot;&quot;,&quot;caption&quot;:&quot;&quot;,&quot;created_timestamp&quot;:&quot;0&quot;,&quot;copyright&quot;:&quot;&quot;,&quot;focal_length&quot;:&quot;0&quot;,&quot;iso&quot;:&quot;0&quot;,&quot;shutter_speed&quot;:&quot;0&quot;,&quot;title&quot;:&quot;&quot;,&quot;orientation&quot;:&quot;0&quot;}\" data-image-title=\"Printable CadeauxFolies\" data-image-description=\"\" data-medium-file=\"https:\/\/www.cadeauxfolies.fr\/blog\/wp-content\/uploads\/2016\/10\/51-300x173.jpg\" data-large-file=\"https:\/\/www.cadeauxfolies.fr\/blog\/wp-content\/uploads\/2016\/10\/51.jpg\" \/><\/a>\n\t\t\t<\/div><\/figure><figure class='gallery-item'>\n\t\t\t<div class='gallery-icon landscape'>\n\t\t\t\t<a href=\"http:\/\/www.cadeauxfolies.fr\/blog\/wp-content\/uploads\/2015\/11\/printable-teaBox.pdf\" target=\"_blank\" class=\"set-target no-lightbox\"><img loading=\"lazy\" decoding=\"async\" width=\"608\" height=\"350\" src=\"https:\/\/www.cadeauxfolies.fr\/blog\/wp-content\/uploads\/2016\/10\/31.jpg\" class=\"attachment-large size-large\" alt=\"Printable CadeauxFolies\" srcset=\"https:\/\/www.cadeauxfolies.fr\/blog\/wp-content\/uploads\/2016\/10\/31.jpg 608w, https:\/\/www.cadeauxfolies.fr\/blog\/wp-content\/uploads\/2016\/10\/31-300x173.jpg 300w, https:\/\/www.cadeauxfolies.fr\/blog\/wp-content\/uploads\/2016\/10\/31-160x92.jpg 160w\" sizes=\"auto, (max-width: 608px) 100vw, 608px\" data-attachment-id=\"3900\" data-orig-file=\"https:\/\/www.cadeauxfolies.fr\/blog\/wp-content\/uploads\/2016\/10\/31.jpg\" data-orig-size=\"608,350\" data-comments-opened=\"1\" data-image-meta=\"{&quot;aperture&quot;:&quot;0&quot;,&quot;credit&quot;:&quot;&quot;,&quot;camera&quot;:&quot;&quot;,&quot;caption&quot;:&quot;&quot;,&quot;created_timestamp&quot;:&quot;0&quot;,&quot;copyright&quot;:&quot;&quot;,&quot;focal_length&quot;:&quot;0&quot;,&quot;iso&quot;:&quot;0&quot;,&quot;shutter_speed&quot;:&quot;0&quot;,&quot;title&quot;:&quot;&quot;,&quot;orientation&quot;:&quot;0&quot;}\" data-image-title=\"Printable CadeauxFolies\" data-image-description=\"\" data-medium-file=\"https:\/\/www.cadeauxfolies.fr\/blog\/wp-content\/uploads\/2016\/10\/31-300x173.jpg\" data-large-file=\"https:\/\/www.cadeauxfolies.fr\/blog\/wp-content\/uploads\/2016\/10\/31.jpg\" \/><\/a>\n\t\t\t<\/div><\/figure><figure class='gallery-item'>\n\t\t\t<div class='gallery-icon landscape'>\n\t\t\t\t<a href=\"http:\/\/www.cadeauxfolies.fr\/blog\/wp-content\/uploads\/2016\/10\/images.pdf\" target=\"_blank\" class=\"set-target no-lightbox\"><img loading=\"lazy\" decoding=\"async\" width=\"608\" height=\"350\" src=\"https:\/\/www.cadeauxfolies.fr\/blog\/wp-content\/uploads\/2016\/10\/83.jpg\" class=\"attachment-large size-large\" alt=\"Printable Noel\" srcset=\"https:\/\/www.cadeauxfolies.fr\/blog\/wp-content\/uploads\/2016\/10\/83.jpg 608w, https:\/\/www.cadeauxfolies.fr\/blog\/wp-content\/uploads\/2016\/10\/83-300x173.jpg 300w, https:\/\/www.cadeauxfolies.fr\/blog\/wp-content\/uploads\/2016\/10\/83-160x92.jpg 160w\" sizes=\"auto, (max-width: 608px) 100vw, 608px\" data-attachment-id=\"4090\" data-orig-file=\"https:\/\/www.cadeauxfolies.fr\/blog\/wp-content\/uploads\/2016\/10\/83.jpg\" data-orig-size=\"608,350\" data-comments-opened=\"1\" data-image-meta=\"{&quot;aperture&quot;:&quot;0&quot;,&quot;credit&quot;:&quot;&quot;,&quot;camera&quot;:&quot;&quot;,&quot;caption&quot;:&quot;&quot;,&quot;created_timestamp&quot;:&quot;0&quot;,&quot;copyright&quot;:&quot;&quot;,&quot;focal_length&quot;:&quot;0&quot;,&quot;iso&quot;:&quot;0&quot;,&quot;shutter_speed&quot;:&quot;0&quot;,&quot;title&quot;:&quot;&quot;,&quot;orientation&quot;:&quot;0&quot;}\" data-image-title=\"Printable Noel\" data-image-description=\"\" data-medium-file=\"https:\/\/www.cadeauxfolies.fr\/blog\/wp-content\/uploads\/2016\/10\/83-300x173.jpg\" data-large-file=\"https:\/\/www.cadeauxfolies.fr\/blog\/wp-content\/uploads\/2016\/10\/83.jpg\" \/><\/a>\n\t\t\t<\/div><\/figure><figure class='gallery-item'>\n\t\t\t<div class='gallery-icon landscape'>\n\t\t\t\t<a href=\"http:\/\/www.cadeauxfolies.fr\/blog\/wp-content\/uploads\/2015\/12\/crib-fr.pdf\" target=\"_blank\" class=\"set-target no-lightbox\"><img loading=\"lazy\" decoding=\"async\" width=\"608\" height=\"350\" src=\"https:\/\/www.cadeauxfolies.fr\/blog\/wp-content\/uploads\/2016\/10\/73.jpg\" class=\"attachment-large size-large\" alt=\"Printable Noel\" srcset=\"https:\/\/www.cadeauxfolies.fr\/blog\/wp-content\/uploads\/2016\/10\/73.jpg 608w, https:\/\/www.cadeauxfolies.fr\/blog\/wp-content\/uploads\/2016\/10\/73-300x173.jpg 300w, https:\/\/www.cadeauxfolies.fr\/blog\/wp-content\/uploads\/2016\/10\/73-160x92.jpg 160w\" sizes=\"auto, (max-width: 608px) 100vw, 608px\" data-attachment-id=\"4089\" data-orig-file=\"https:\/\/www.cadeauxfolies.fr\/blog\/wp-content\/uploads\/2016\/10\/73.jpg\" data-orig-size=\"608,350\" data-comments-opened=\"1\" data-image-meta=\"{&quot;aperture&quot;:&quot;0&quot;,&quot;credit&quot;:&quot;&quot;,&quot;camera&quot;:&quot;&quot;,&quot;caption&quot;:&quot;&quot;,&quot;created_timestamp&quot;:&quot;0&quot;,&quot;copyright&quot;:&quot;&quot;,&quot;focal_length&quot;:&quot;0&quot;,&quot;iso&quot;:&quot;0&quot;,&quot;shutter_speed&quot;:&quot;0&quot;,&quot;title&quot;:&quot;&quot;,&quot;orientation&quot;:&quot;0&quot;}\" data-image-title=\"Printable Noel\" data-image-description=\"\" data-medium-file=\"https:\/\/www.cadeauxfolies.fr\/blog\/wp-content\/uploads\/2016\/10\/73-300x173.jpg\" data-large-file=\"https:\/\/www.cadeauxfolies.fr\/blog\/wp-content\/uploads\/2016\/10\/73.jpg\" \/><\/a>\n\t\t\t<\/div><\/figure><figure class='gallery-item'>\n\t\t\t<div class='gallery-icon landscape'>\n\t\t\t\t<a href=\"http:\/\/www.cadeauxfolies.fr\/blog\/wp-content\/uploads\/2015\/11\/ETIQUETTES-CADEAUX.pdf\" target=\"_blank\" class=\"set-target no-lightbox\"><img loading=\"lazy\" decoding=\"async\" width=\"608\" height=\"350\" src=\"https:\/\/www.cadeauxfolies.fr\/blog\/wp-content\/uploads\/2016\/10\/21.jpg\" class=\"attachment-large size-large\" alt=\"Printable CadeauxFolies\" srcset=\"https:\/\/www.cadeauxfolies.fr\/blog\/wp-content\/uploads\/2016\/10\/21.jpg 608w, https:\/\/www.cadeauxfolies.fr\/blog\/wp-content\/uploads\/2016\/10\/21-300x173.jpg 300w, https:\/\/www.cadeauxfolies.fr\/blog\/wp-content\/uploads\/2016\/10\/21-160x92.jpg 160w\" sizes=\"auto, (max-width: 608px) 100vw, 608px\" data-attachment-id=\"3899\" data-orig-file=\"https:\/\/www.cadeauxfolies.fr\/blog\/wp-content\/uploads\/2016\/10\/21.jpg\" data-orig-size=\"608,350\" data-comments-opened=\"1\" data-image-meta=\"{&quot;aperture&quot;:&quot;0&quot;,&quot;credit&quot;:&quot;&quot;,&quot;camera&quot;:&quot;&quot;,&quot;caption&quot;:&quot;&quot;,&quot;created_timestamp&quot;:&quot;0&quot;,&quot;copyright&quot;:&quot;&quot;,&quot;focal_length&quot;:&quot;0&quot;,&quot;iso&quot;:&quot;0&quot;,&quot;shutter_speed&quot;:&quot;0&quot;,&quot;title&quot;:&quot;&quot;,&quot;orientation&quot;:&quot;0&quot;}\" data-image-title=\"Printable CadeauxFolies\" data-image-description=\"\" data-medium-file=\"https:\/\/www.cadeauxfolies.fr\/blog\/wp-content\/uploads\/2016\/10\/21-300x173.jpg\" data-large-file=\"https:\/\/www.cadeauxfolies.fr\/blog\/wp-content\/uploads\/2016\/10\/21.jpg\" \/><\/a>\n\t\t\t<\/div><\/figure><figure class='gallery-item'>\n\t\t\t<div class='gallery-icon landscape'>\n\t\t\t\t<a href=\"http:\/\/www.cadeauxfolies.fr\/blog\/wp-content\/uploads\/2016\/10\/Kerstkaart-free-printable.pdf\" target=\"_blank\" class=\"set-target no-lightbox\"><img loading=\"lazy\" decoding=\"async\" width=\"608\" height=\"350\" src=\"https:\/\/www.cadeauxfolies.fr\/blog\/wp-content\/uploads\/2016\/10\/41.jpg\" class=\"attachment-large size-large\" alt=\"Printable CadeauxFolies\" srcset=\"https:\/\/www.cadeauxfolies.fr\/blog\/wp-content\/uploads\/2016\/10\/41.jpg 608w, https:\/\/www.cadeauxfolies.fr\/blog\/wp-content\/uploads\/2016\/10\/41-300x173.jpg 300w, https:\/\/www.cadeauxfolies.fr\/blog\/wp-content\/uploads\/2016\/10\/41-160x92.jpg 160w\" sizes=\"auto, (max-width: 608px) 100vw, 608px\" data-attachment-id=\"3901\" data-orig-file=\"https:\/\/www.cadeauxfolies.fr\/blog\/wp-content\/uploads\/2016\/10\/41.jpg\" data-orig-size=\"608,350\" data-comments-opened=\"1\" data-image-meta=\"{&quot;aperture&quot;:&quot;0&quot;,&quot;credit&quot;:&quot;&quot;,&quot;camera&quot;:&quot;&quot;,&quot;caption&quot;:&quot;&quot;,&quot;created_timestamp&quot;:&quot;0&quot;,&quot;copyright&quot;:&quot;&quot;,&quot;focal_length&quot;:&quot;0&quot;,&quot;iso&quot;:&quot;0&quot;,&quot;shutter_speed&quot;:&quot;0&quot;,&quot;title&quot;:&quot;&quot;,&quot;orientation&quot;:&quot;0&quot;}\" data-image-title=\"Printable CadeauxFolies\" data-image-description=\"\" data-medium-file=\"https:\/\/www.cadeauxfolies.fr\/blog\/wp-content\/uploads\/2016\/10\/41-300x173.jpg\" data-large-file=\"https:\/\/www.cadeauxfolies.fr\/blog\/wp-content\/uploads\/2016\/10\/41.jpg\" \/><\/a>\n\t\t\t<\/div><\/figure><figure class='gallery-item'>\n\t\t\t<div class='gallery-icon landscape'>\n\t\t\t\t<a href=\"http:\/\/www.cadeauxfolies.fr\/blog\/wp-content\/uploads\/2016\/10\/Placeholder-kaartjes-printable.png\" target=\"_blank\" class=\"set-target no-lightbox\"><img loading=\"lazy\" decoding=\"async\" width=\"608\" height=\"350\" src=\"https:\/\/www.cadeauxfolies.fr\/blog\/wp-content\/uploads\/2016\/10\/11.jpg\" class=\"attachment-large size-large\" alt=\"Printable CadeauxFolies\" srcset=\"https:\/\/www.cadeauxfolies.fr\/blog\/wp-content\/uploads\/2016\/10\/11.jpg 608w, https:\/\/www.cadeauxfolies.fr\/blog\/wp-content\/uploads\/2016\/10\/11-300x173.jpg 300w, https:\/\/www.cadeauxfolies.fr\/blog\/wp-content\/uploads\/2016\/10\/11-160x92.jpg 160w\" sizes=\"auto, (max-width: 608px) 100vw, 608px\" data-attachment-id=\"3898\" data-orig-file=\"https:\/\/www.cadeauxfolies.fr\/blog\/wp-content\/uploads\/2016\/10\/11.jpg\" data-orig-size=\"608,350\" data-comments-opened=\"1\" data-image-meta=\"{&quot;aperture&quot;:&quot;0&quot;,&quot;credit&quot;:&quot;&quot;,&quot;camera&quot;:&quot;&quot;,&quot;caption&quot;:&quot;&quot;,&quot;created_timestamp&quot;:&quot;0&quot;,&quot;copyright&quot;:&quot;&quot;,&quot;focal_length&quot;:&quot;0&quot;,&quot;iso&quot;:&quot;0&quot;,&quot;shutter_speed&quot;:&quot;0&quot;,&quot;title&quot;:&quot;&quot;,&quot;orientation&quot;:&quot;0&quot;}\" data-image-title=\"Printable CadeauxFolies\" data-image-description=\"\" data-medium-file=\"https:\/\/www.cadeauxfolies.fr\/blog\/wp-content\/uploads\/2016\/10\/11-300x173.jpg\" data-large-file=\"https:\/\/www.cadeauxfolies.fr\/blog\/wp-content\/uploads\/2016\/10\/11.jpg\" \/><\/a>\n\t\t\t<\/div><\/figure>\n\t\t<\/div>\n\n","protected":false},"excerpt":{"rendered":"","protected":false},"author":1,"featured_media":0,"parent":0,"menu_order":0,"comment_status":"open","ping_status":"closed","template":"","meta":{"footnotes":""},"class_list":["post-3894","page","type-page","status-publish","hentry"],"yoast_head":"<!-- This site is optimized with the Yoast SEO plugin v25.5 - https:\/\/yoast.com\/wordpress\/plugins\/seo\/ -->\n<title>T\u00e9l\u00e9charger tous les printables de CadeauxFolies !<\/title>\n<meta name=\"description\" content=\"T\u00e9l\u00e9chargez gratuitement les printables de CadeauxFolies pour No\u00ebl chez-vous.\" \/>\n<meta name=\"robots\" content=\"index, follow, max-snippet:-1, max-image-preview:large, max-video-preview:-1\" \/>\n<link rel=\"canonical\" href=\"https:\/\/www.cadeauxfolies.fr\/blog\/printables\" \/>\n<meta property=\"og:locale\" content=\"en_US\" \/>\n<meta property=\"og:type\" content=\"article\" \/>\n<meta property=\"og:title\" content=\"T\u00e9l\u00e9charger tous les printables de CadeauxFolies !\" \/>\n<meta property=\"og:description\" content=\"T\u00e9l\u00e9chargez gratuitement les printables de CadeauxFolies pour No\u00ebl chez-vous.\" \/>\n<meta property=\"og:url\" content=\"https:\/\/www.cadeauxfolies.fr\/blog\/printables\" \/>\n<meta property=\"og:site_name\" content=\"Le Blog de CadeauxFolies\" \/>\n<meta property=\"article:modified_time\" content=\"2016-10-24T13:13:11+00:00\" \/>\n<meta property=\"og:image\" content=\"https:\/\/www.cadeauxfolies.fr\/blog\/wp-content\/uploads\/2016\/10\/51.jpg\" \/>\n<script type=\"application\/ld+json\" class=\"yoast-schema-graph\">{\"@context\":\"https:\/\/schema.org\",\"@graph\":[{\"@type\":\"WebPage\",\"@id\":\"https:\/\/www.cadeauxfolies.fr\/blog\/printables\",\"url\":\"https:\/\/www.cadeauxfolies.fr\/blog\/printables\",\"name\":\"T\u00e9l\u00e9charger tous les printables de CadeauxFolies !\",\"isPartOf\":{\"@id\":\"https:\/\/www.cadeauxfolies.fr\/blog\/#website\"},\"datePublished\":\"2016-10-17T15:40:22+00:00\",\"dateModified\":\"2016-10-24T13:13:11+00:00\",\"description\":\"T\u00e9l\u00e9chargez gratuitement les printables de CadeauxFolies pour No\u00ebl chez-vous.\",\"breadcrumb\":{\"@id\":\"https:\/\/www.cadeauxfolies.fr\/blog\/printables#breadcrumb\"},\"inLanguage\":\"en-US\",\"potentialAction\":[{\"@type\":\"ReadAction\",\"target\":[\"https:\/\/www.cadeauxfolies.fr\/blog\/printables\"]}]},{\"@type\":\"BreadcrumbList\",\"@id\":\"https:\/\/www.cadeauxfolies.fr\/blog\/printables#breadcrumb\",\"itemListElement\":[{\"@type\":\"ListItem\",\"position\":1,\"name\":\"Home\",\"item\":\"https:\/\/www.cadeauxfolies.fr\/blog\"},{\"@type\":\"ListItem\",\"position\":2,\"name\":\"Printables CadeauxFolies\"}]},{\"@type\":\"WebSite\",\"@id\":\"https:\/\/www.cadeauxfolies.fr\/blog\/#website\",\"url\":\"https:\/\/www.cadeauxfolies.fr\/blog\/\",\"name\":\"Le Blog de CadeauxFolies\",\"description\":\"\",\"publisher\":{\"@id\":\"https:\/\/www.cadeauxfolies.fr\/blog\/#organization\"},\"potentialAction\":[{\"@type\":\"SearchAction\",\"target\":{\"@type\":\"EntryPoint\",\"urlTemplate\":\"https:\/\/www.cadeauxfolies.fr\/blog\/?s={search_term_string}\"},\"query-input\":{\"@type\":\"PropertyValueSpecification\",\"valueRequired\":true,\"valueName\":\"search_term_string\"}}],\"inLanguage\":\"en-US\"},{\"@type\":\"Organization\",\"@id\":\"https:\/\/www.cadeauxfolies.fr\/blog\/#organization\",\"name\":\"Le Blog de CadeauxFolies\",\"url\":\"https:\/\/www.cadeauxfolies.fr\/blog\/\",\"logo\":{\"@type\":\"ImageObject\",\"inLanguage\":\"en-US\",\"@id\":\"https:\/\/www.cadeauxfolies.fr\/blog\/#\/schema\/logo\/image\/\",\"url\":\"https:\/\/www.cadeauxfolies.fr\/blog\/wp-content\/uploads\/2017\/10\/cadeauxfolies_570x180px_rechnungstemplate.png\",\"contentUrl\":\"https:\/\/www.cadeauxfolies.fr\/blog\/wp-content\/uploads\/2017\/10\/cadeauxfolies_570x180px_rechnungstemplate.png\",\"width\":570,\"height\":180,\"caption\":\"Le Blog de CadeauxFolies\"},\"image\":{\"@id\":\"https:\/\/www.cadeauxfolies.fr\/blog\/#\/schema\/logo\/image\/\"}}]}<\/script>\n<!-- \/ Yoast SEO plugin. -->","yoast_head_json":{"title":"T\u00e9l\u00e9charger tous les printables de CadeauxFolies !","description":"T\u00e9l\u00e9chargez gratuitement les printables de CadeauxFolies pour No\u00ebl chez-vous.","robots":{"index":"index","follow":"follow","max-snippet":"max-snippet:-1","max-image-preview":"max-image-preview:large","max-video-preview":"max-video-preview:-1"},"canonical":"https:\/\/www.cadeauxfolies.fr\/blog\/printables","og_locale":"en_US","og_type":"article","og_title":"T\u00e9l\u00e9charger tous les printables de CadeauxFolies !","og_description":"T\u00e9l\u00e9chargez gratuitement les printables de CadeauxFolies pour No\u00ebl chez-vous.","og_url":"https:\/\/www.cadeauxfolies.fr\/blog\/printables","og_site_name":"Le Blog de CadeauxFolies","article_modified_time":"2016-10-24T13:13:11+00:00","og_image":[{"url":"https:\/\/www.cadeauxfolies.fr\/blog\/wp-content\/uploads\/2016\/10\/51.jpg","type":"","width":"","height":""}],"schema":{"@context":"https:\/\/schema.org","@graph":[{"@type":"WebPage","@id":"https:\/\/www.cadeauxfolies.fr\/blog\/printables","url":"https:\/\/www.cadeauxfolies.fr\/blog\/printables","name":"T\u00e9l\u00e9charger tous les printables de CadeauxFolies !","isPartOf":{"@id":"https:\/\/www.cadeauxfolies.fr\/blog\/#website"},"datePublished":"2016-10-17T15:40:22+00:00","dateModified":"2016-10-24T13:13:11+00:00","description":"T\u00e9l\u00e9chargez gratuitement les printables de CadeauxFolies pour No\u00ebl chez-vous.","breadcrumb":{"@id":"https:\/\/www.cadeauxfolies.fr\/blog\/printables#breadcrumb"},"inLanguage":"en-US","potentialAction":[{"@type":"ReadAction","target":["https:\/\/www.cadeauxfolies.fr\/blog\/printables"]}]},{"@type":"BreadcrumbList","@id":"https:\/\/www.cadeauxfolies.fr\/blog\/printables#breadcrumb","itemListElement":[{"@type":"ListItem","position":1,"name":"Home","item":"https:\/\/www.cadeauxfolies.fr\/blog"},{"@type":"ListItem","position":2,"name":"Printables CadeauxFolies"}]},{"@type":"WebSite","@id":"https:\/\/www.cadeauxfolies.fr\/blog\/#website","url":"https:\/\/www.cadeauxfolies.fr\/blog\/","name":"Le Blog de CadeauxFolies","description":"","publisher":{"@id":"https:\/\/www.cadeauxfolies.fr\/blog\/#organization"},"potentialAction":[{"@type":"SearchAction","target":{"@type":"EntryPoint","urlTemplate":"https:\/\/www.cadeauxfolies.fr\/blog\/?s={search_term_string}"},"query-input":{"@type":"PropertyValueSpecification","valueRequired":true,"valueName":"search_term_string"}}],"inLanguage":"en-US"},{"@type":"Organization","@id":"https:\/\/www.cadeauxfolies.fr\/blog\/#organization","name":"Le Blog de CadeauxFolies","url":"https:\/\/www.cadeauxfolies.fr\/blog\/","logo":{"@type":"ImageObject","inLanguage":"en-US","@id":"https:\/\/www.cadeauxfolies.fr\/blog\/#\/schema\/logo\/image\/","url":"https:\/\/www.cadeauxfolies.fr\/blog\/wp-content\/uploads\/2017\/10\/cadeauxfolies_570x180px_rechnungstemplate.png","contentUrl":"https:\/\/www.cadeauxfolies.fr\/blog\/wp-content\/uploads\/2017\/10\/cadeauxfolies_570x180px_rechnungstemplate.png","width":570,"height":180,"caption":"Le Blog de CadeauxFolies"},"image":{"@id":"https:\/\/www.cadeauxfolies.fr\/blog\/#\/schema\/logo\/image\/"}}]}},"_links":{"self":[{"href":"https:\/\/www.cadeauxfolies.fr\/blog\/wp-json\/wp\/v2\/pages\/3894","targetHints":{"allow":["GET"]}}],"collection":[{"href":"https:\/\/www.cadeauxfolies.fr\/blog\/wp-json\/wp\/v2\/pages"}],"about":[{"href":"https:\/\/www.cadeauxfolies.fr\/blog\/wp-json\/wp\/v2\/types\/page"}],"author":[{"embeddable":true,"href":"https:\/\/www.cadeauxfolies.fr\/blog\/wp-json\/wp\/v2\/users\/1"}],"replies":[{"embeddable":true,"href":"https:\/\/www.cadeauxfolies.fr\/blog\/wp-json\/wp\/v2\/comments?post=3894"}],"version-history":[{"count":4,"href":"https:\/\/www.cadeauxfolies.fr\/blog\/wp-json\/wp\/v2\/pages\/3894\/revisions"}],"predecessor-version":[{"id":4091,"href":"https:\/\/www.cadeauxfolies.fr\/blog\/wp-json\/wp\/v2\/pages\/3894\/revisions\/4091"}],"wp:attachment":[{"href":"https:\/\/www.cadeauxfolies.fr\/blog\/wp-json\/wp\/v2\/media?parent=3894"}],"curies":[{"name":"wp","href":"https:\/\/api.w.org\/{rel}","templated":true}]}}