{"id":9604,"date":"2021-01-19T09:22:47","date_gmt":"2021-01-19T08:22:47","guid":{"rendered":"https:\/\/www.cadeauxfolies.fr\/blog\/?page_id=9604"},"modified":"2021-01-19T09:22:47","modified_gmt":"2021-01-19T08:22:47","slug":"questions-au-docteur-p","status":"publish","type":"page","link":"https:\/\/www.cadeauxfolies.fr\/blog\/questions-au-docteur-p","title":{"rendered":"Questions au Docteur P."},"content":{"rendered":"<h2 style=\"text-align: center;\"><strong>Vous avez des questions \u00e9pineuses sur le th\u00e8me de l\u2019amour ou vous cherchez un conseil pour un probl\u00e8me\u2009?<\/strong><\/h2>\n<p style=\"text-align: center;\">Alors, c\u2019est le bon endroit pour vous. Pour la Saint-Valentin, l\u2019\u00e9quipe de cadeauxfolies se d\u00e9die enti\u00e8rement au th\u00e8me tr\u00e8s important de l\u2019amour et notre expert r\u00e9pond \u00e0 toutes vos questions quelles qu\u2019elles soient &#8211; bien entendu de mani\u00e8re enti\u00e8rement <strong>anonyme<\/strong>.<\/p>\n<hr \/>\n<h3 style=\"text-align: center;\"><strong>Voici pour vous\u00a0:<\/strong><\/h3>\n<p><img loading=\"lazy\" decoding=\"async\" class=\"aligncenter size-medium wp-image-9598\" src=\"https:\/\/www.cadeauxfolies.fr\/blog\/wp-content\/uploads\/2021\/01\/drp-300x300.jpg\" border=\"0\" alt=\"\" width=\"300\" height=\"300\" srcset=\"https:\/\/www.cadeauxfolies.fr\/blog\/wp-content\/uploads\/2021\/01\/drp-300x300.jpg 300w, https:\/\/www.cadeauxfolies.fr\/blog\/wp-content\/uploads\/2021\/01\/drp-150x150.jpg 150w, https:\/\/www.cadeauxfolies.fr\/blog\/wp-content\/uploads\/2021\/01\/drp-768x768.jpg 768w, https:\/\/www.cadeauxfolies.fr\/blog\/wp-content\/uploads\/2021\/01\/drp-1024x1024.jpg 1024w, https:\/\/www.cadeauxfolies.fr\/blog\/wp-content\/uploads\/2021\/01\/drp-1140x1140.jpg 1140w, https:\/\/www.cadeauxfolies.fr\/blog\/wp-content\/uploads\/2021\/01\/drp-720x720.jpg 720w, https:\/\/www.cadeauxfolies.fr\/blog\/wp-content\/uploads\/2021\/01\/drp-480x480.jpg 480w, https:\/\/www.cadeauxfolies.fr\/blog\/wp-content\/uploads\/2021\/01\/drp-160x160.jpg 160w\" sizes=\"auto, (max-width: 300px) 100vw, 300px\" \/><\/p>\n<h3 style=\"text-align: center;\"><strong>le Docteur P.<\/strong><\/h3>\n<p style=\"text-align: center;\">Votre docteur de confiance pour toutes les questions d\u2019amour.<\/p>\n<p style=\"text-align: center;\">Envoyez-nous vos questions amusantes \u00e0\u00a0:<br \/>\n<strong>dr.p@cadeauxfolies.fr<\/strong><\/p>\n<hr \/>\n<h2 style=\"text-align: center;\">Vos questions &amp; nos r\u00e9ponses\u00a0:<\/h2>\n<p style=\"text-align: center;\"><em><span style=\"color: #000000;\"><strong>Docteur P. r\u00e9pond \u00e0 votre question de mani\u00e8re anonyme, du mieux que possible et avec beaucoup d\u2019humour, comme ici\u00a0: <\/strong><\/span><\/em><\/p>\n<h3 style=\"text-align: center;\"><span style=\"color: #ff99cc;\"><strong>Je suis amoureuse de mon meilleur ami.<br \/>\nComment savoir si lui m\u2019aime aussi\u2009?<\/strong><\/span><\/h3>\n<p style=\"text-align: center;\">Bonjour\u2009! Bon, c\u2019est \u00e9videmment une situation exceptionnelle qu\u2019il faut traiter avec une grande prudence. Car qui souhaite perdre son meilleur ami\u2009?<br \/>\n<strong>Mon conseil\u00a0: <\/strong>Trouve-toi d\u2019abord un nouveau meilleur ami et apr\u00e8s, tu pourras d\u00e9clarer ta flamme \u00e0 ton ancien meilleur ami. C\u2019est toujours bien d\u2019avoir une sauvegarde, comme en informatique.<strong><br \/>\nSinc\u00e8rement, Docteur. P.<\/strong><\/p>\n<hr \/>\n<h3 style=\"text-align: center;\"><span style=\"color: #ff99cc;\"><strong>Pourquoi les pr\u00e9servatifs sont-ils blancs\u2009?<\/strong><\/span><\/h3>\n<p style=\"text-align: center;\">Bonjour petit curieux, Pourquoi la neige est-elle blanche\u2009? Pourquoi ton cale\u00e7on n\u2019est-il plus blanc\u2009? La couleur n\u2019a pas d\u2019importance, cher ami.<strong><br \/>\nSinc\u00e8rement, Docteur. P.<\/strong><\/p>\n<hr \/>\n<h3 style=\"text-align: center;\"><span style=\"color: #ff99cc;\"><strong>Mon pr\u00e9servatif s\u2019est d\u00e9chir\u00e9 &#8211; est-ce mieux si j\u2019en utilise deux\u2009?<\/strong><\/span><\/h3>\n<p style=\"text-align: center;\">Euh\u2026 Tu penses donc que deux valent mieux qu\u2019un\u2009? Si jamais tu arrives \u00e0 en enfiler deux l\u2019un sur l\u2019autre, \u00e0 ta place, j\u2019essaierais directement d\u2019enfiler tous les pr\u00e9servatifs du paquet pour ne plus \u00eatre doublement prot\u00e9g\u00e9, mais pour \u00eatre 10 fois mieux prot\u00e9g\u00e9\u2026<br \/>\n<strong>Sortez couverts \u2013 Sinc\u00e8rement, Docteur P.<\/strong><\/p>\n<hr \/>\n<h3 style=\"text-align: center;\"><span style=\"color: #ff99cc;\"><strong>Peut-on utiliser un tampon comme contraceptif\u2009?<\/strong><\/span><\/h3>\n<p style=\"text-align: center;\">Doux J\u00e9sus\u2009! Pas vraiment s\u00fbr que \u00e7a marche\u2026 Du moins je crois. Peut-\u00eatre que tu peux essayer avec deux pour voir\u2009?<br \/>\n<strong>Bon courage, sinc\u00e8rement Docteur P.<\/strong><\/p>\n","protected":false},"excerpt":{"rendered":"<p>Vous avez des questions \u00e9pineuses sur le th\u00e8me de l\u2019amour ou vous cherchez un conseil pour un probl\u00e8me\u2009? Alors, c\u2019est le bon endroit pour vous. Pour la Saint-Valentin, l\u2019\u00e9quipe de cadeauxfolies se d\u00e9die enti\u00e8rement au th\u00e8me tr\u00e8s important de l\u2019amour et notre expert r\u00e9pond \u00e0 toutes vos questions quelles qu\u2019elles soient &#8211; bien entendu de&hellip;<\/p>\n","protected":false},"author":1,"featured_media":9606,"parent":0,"menu_order":0,"comment_status":"closed","ping_status":"closed","template":"","meta":{"footnotes":""},"class_list":["post-9604","page","type-page","status-publish","has-post-thumbnail","hentry"],"yoast_head":"<!-- This site is optimized with the Yoast SEO plugin v25.5 - https:\/\/yoast.com\/wordpress\/plugins\/seo\/ -->\n<title>Questions au Docteur P. - Le Blog de CadeauxFolies<\/title>\n<meta name=\"robots\" content=\"index, follow, max-snippet:-1, max-image-preview:large, max-video-preview:-1\" \/>\n<link rel=\"canonical\" href=\"https:\/\/www.cadeauxfolies.fr\/blog\/questions-au-docteur-p\" \/>\n<meta property=\"og:locale\" content=\"en_US\" \/>\n<meta property=\"og:type\" content=\"article\" \/>\n<meta property=\"og:title\" content=\"Questions au Docteur P. - Le Blog de CadeauxFolies\" \/>\n<meta property=\"og:description\" content=\"Vous avez des questions \u00e9pineuses sur le th\u00e8me de l\u2019amour ou vous cherchez un conseil pour un probl\u00e8me\u2009? Alors, c\u2019est le bon endroit pour vous. Pour la Saint-Valentin, l\u2019\u00e9quipe de cadeauxfolies se d\u00e9die enti\u00e8rement au th\u00e8me tr\u00e8s important de l\u2019amour et notre expert r\u00e9pond \u00e0 toutes vos questions quelles qu\u2019elles soient &#8211; bien entendu de&hellip;\" \/>\n<meta property=\"og:url\" content=\"https:\/\/www.cadeauxfolies.fr\/blog\/questions-au-docteur-p\" \/>\n<meta property=\"og:site_name\" content=\"Le Blog de CadeauxFolies\" \/>\n<meta property=\"og:image\" content=\"https:\/\/www.cadeauxfolies.fr\/blog\/wp-content\/uploads\/2021\/01\/Radbag-Bravo-Blog-Header-FR.jpg\" \/>\n\t<meta property=\"og:image:width\" content=\"2240\" \/>\n\t<meta property=\"og:image:height\" content=\"1260\" \/>\n\t<meta property=\"og:image:type\" content=\"image\/jpeg\" \/>\n<meta name=\"twitter:label1\" content=\"Est. reading time\" \/>\n\t<meta name=\"twitter:data1\" content=\"2 minutes\" \/>\n<script type=\"application\/ld+json\" class=\"yoast-schema-graph\">{\"@context\":\"https:\/\/schema.org\",\"@graph\":[{\"@type\":\"WebPage\",\"@id\":\"https:\/\/www.cadeauxfolies.fr\/blog\/questions-au-docteur-p\",\"url\":\"https:\/\/www.cadeauxfolies.fr\/blog\/questions-au-docteur-p\",\"name\":\"Questions au Docteur P. - Le Blog de CadeauxFolies\",\"isPartOf\":{\"@id\":\"https:\/\/www.cadeauxfolies.fr\/blog\/#website\"},\"primaryImageOfPage\":{\"@id\":\"https:\/\/www.cadeauxfolies.fr\/blog\/questions-au-docteur-p#primaryimage\"},\"image\":{\"@id\":\"https:\/\/www.cadeauxfolies.fr\/blog\/questions-au-docteur-p#primaryimage\"},\"thumbnailUrl\":\"https:\/\/www.cadeauxfolies.fr\/blog\/wp-content\/uploads\/2021\/01\/Radbag-Bravo-Blog-Header-FR.jpg\",\"datePublished\":\"2021-01-19T08:22:47+00:00\",\"breadcrumb\":{\"@id\":\"https:\/\/www.cadeauxfolies.fr\/blog\/questions-au-docteur-p#breadcrumb\"},\"inLanguage\":\"en-US\",\"potentialAction\":[{\"@type\":\"ReadAction\",\"target\":[\"https:\/\/www.cadeauxfolies.fr\/blog\/questions-au-docteur-p\"]}]},{\"@type\":\"ImageObject\",\"inLanguage\":\"en-US\",\"@id\":\"https:\/\/www.cadeauxfolies.fr\/blog\/questions-au-docteur-p#primaryimage\",\"url\":\"https:\/\/www.cadeauxfolies.fr\/blog\/wp-content\/uploads\/2021\/01\/Radbag-Bravo-Blog-Header-FR.jpg\",\"contentUrl\":\"https:\/\/www.cadeauxfolies.fr\/blog\/wp-content\/uploads\/2021\/01\/Radbag-Bravo-Blog-Header-FR.jpg\",\"width\":2240,\"height\":1260},{\"@type\":\"BreadcrumbList\",\"@id\":\"https:\/\/www.cadeauxfolies.fr\/blog\/questions-au-docteur-p#breadcrumb\",\"itemListElement\":[{\"@type\":\"ListItem\",\"position\":1,\"name\":\"Home\",\"item\":\"https:\/\/www.cadeauxfolies.fr\/blog\"},{\"@type\":\"ListItem\",\"position\":2,\"name\":\"Questions au Docteur P.\"}]},{\"@type\":\"WebSite\",\"@id\":\"https:\/\/www.cadeauxfolies.fr\/blog\/#website\",\"url\":\"https:\/\/www.cadeauxfolies.fr\/blog\/\",\"name\":\"Le Blog de CadeauxFolies\",\"description\":\"\",\"publisher\":{\"@id\":\"https:\/\/www.cadeauxfolies.fr\/blog\/#organization\"},\"potentialAction\":[{\"@type\":\"SearchAction\",\"target\":{\"@type\":\"EntryPoint\",\"urlTemplate\":\"https:\/\/www.cadeauxfolies.fr\/blog\/?s={search_term_string}\"},\"query-input\":{\"@type\":\"PropertyValueSpecification\",\"valueRequired\":true,\"valueName\":\"search_term_string\"}}],\"inLanguage\":\"en-US\"},{\"@type\":\"Organization\",\"@id\":\"https:\/\/www.cadeauxfolies.fr\/blog\/#organization\",\"name\":\"Le Blog de CadeauxFolies\",\"url\":\"https:\/\/www.cadeauxfolies.fr\/blog\/\",\"logo\":{\"@type\":\"ImageObject\",\"inLanguage\":\"en-US\",\"@id\":\"https:\/\/www.cadeauxfolies.fr\/blog\/#\/schema\/logo\/image\/\",\"url\":\"https:\/\/www.cadeauxfolies.fr\/blog\/wp-content\/uploads\/2017\/10\/cadeauxfolies_570x180px_rechnungstemplate.png\",\"contentUrl\":\"https:\/\/www.cadeauxfolies.fr\/blog\/wp-content\/uploads\/2017\/10\/cadeauxfolies_570x180px_rechnungstemplate.png\",\"width\":570,\"height\":180,\"caption\":\"Le Blog de CadeauxFolies\"},\"image\":{\"@id\":\"https:\/\/www.cadeauxfolies.fr\/blog\/#\/schema\/logo\/image\/\"}}]}<\/script>\n<!-- \/ Yoast SEO plugin. -->","yoast_head_json":{"title":"Questions au Docteur P. - Le Blog de CadeauxFolies","robots":{"index":"index","follow":"follow","max-snippet":"max-snippet:-1","max-image-preview":"max-image-preview:large","max-video-preview":"max-video-preview:-1"},"canonical":"https:\/\/www.cadeauxfolies.fr\/blog\/questions-au-docteur-p","og_locale":"en_US","og_type":"article","og_title":"Questions au Docteur P. - Le Blog de CadeauxFolies","og_description":"Vous avez des questions \u00e9pineuses sur le th\u00e8me de l\u2019amour ou vous cherchez un conseil pour un probl\u00e8me\u2009? Alors, c\u2019est le bon endroit pour vous. Pour la Saint-Valentin, l\u2019\u00e9quipe de cadeauxfolies se d\u00e9die enti\u00e8rement au th\u00e8me tr\u00e8s important de l\u2019amour et notre expert r\u00e9pond \u00e0 toutes vos questions quelles qu\u2019elles soient &#8211; bien entendu de&hellip;","og_url":"https:\/\/www.cadeauxfolies.fr\/blog\/questions-au-docteur-p","og_site_name":"Le Blog de CadeauxFolies","og_image":[{"width":2240,"height":1260,"url":"https:\/\/www.cadeauxfolies.fr\/blog\/wp-content\/uploads\/2021\/01\/Radbag-Bravo-Blog-Header-FR.jpg","type":"image\/jpeg"}],"twitter_misc":{"Est. reading time":"2 minutes"},"schema":{"@context":"https:\/\/schema.org","@graph":[{"@type":"WebPage","@id":"https:\/\/www.cadeauxfolies.fr\/blog\/questions-au-docteur-p","url":"https:\/\/www.cadeauxfolies.fr\/blog\/questions-au-docteur-p","name":"Questions au Docteur P. - Le Blog de CadeauxFolies","isPartOf":{"@id":"https:\/\/www.cadeauxfolies.fr\/blog\/#website"},"primaryImageOfPage":{"@id":"https:\/\/www.cadeauxfolies.fr\/blog\/questions-au-docteur-p#primaryimage"},"image":{"@id":"https:\/\/www.cadeauxfolies.fr\/blog\/questions-au-docteur-p#primaryimage"},"thumbnailUrl":"https:\/\/www.cadeauxfolies.fr\/blog\/wp-content\/uploads\/2021\/01\/Radbag-Bravo-Blog-Header-FR.jpg","datePublished":"2021-01-19T08:22:47+00:00","breadcrumb":{"@id":"https:\/\/www.cadeauxfolies.fr\/blog\/questions-au-docteur-p#breadcrumb"},"inLanguage":"en-US","potentialAction":[{"@type":"ReadAction","target":["https:\/\/www.cadeauxfolies.fr\/blog\/questions-au-docteur-p"]}]},{"@type":"ImageObject","inLanguage":"en-US","@id":"https:\/\/www.cadeauxfolies.fr\/blog\/questions-au-docteur-p#primaryimage","url":"https:\/\/www.cadeauxfolies.fr\/blog\/wp-content\/uploads\/2021\/01\/Radbag-Bravo-Blog-Header-FR.jpg","contentUrl":"https:\/\/www.cadeauxfolies.fr\/blog\/wp-content\/uploads\/2021\/01\/Radbag-Bravo-Blog-Header-FR.jpg","width":2240,"height":1260},{"@type":"BreadcrumbList","@id":"https:\/\/www.cadeauxfolies.fr\/blog\/questions-au-docteur-p#breadcrumb","itemListElement":[{"@type":"ListItem","position":1,"name":"Home","item":"https:\/\/www.cadeauxfolies.fr\/blog"},{"@type":"ListItem","position":2,"name":"Questions au Docteur P."}]},{"@type":"WebSite","@id":"https:\/\/www.cadeauxfolies.fr\/blog\/#website","url":"https:\/\/www.cadeauxfolies.fr\/blog\/","name":"Le Blog de CadeauxFolies","description":"","publisher":{"@id":"https:\/\/www.cadeauxfolies.fr\/blog\/#organization"},"potentialAction":[{"@type":"SearchAction","target":{"@type":"EntryPoint","urlTemplate":"https:\/\/www.cadeauxfolies.fr\/blog\/?s={search_term_string}"},"query-input":{"@type":"PropertyValueSpecification","valueRequired":true,"valueName":"search_term_string"}}],"inLanguage":"en-US"},{"@type":"Organization","@id":"https:\/\/www.cadeauxfolies.fr\/blog\/#organization","name":"Le Blog de CadeauxFolies","url":"https:\/\/www.cadeauxfolies.fr\/blog\/","logo":{"@type":"ImageObject","inLanguage":"en-US","@id":"https:\/\/www.cadeauxfolies.fr\/blog\/#\/schema\/logo\/image\/","url":"https:\/\/www.cadeauxfolies.fr\/blog\/wp-content\/uploads\/2017\/10\/cadeauxfolies_570x180px_rechnungstemplate.png","contentUrl":"https:\/\/www.cadeauxfolies.fr\/blog\/wp-content\/uploads\/2017\/10\/cadeauxfolies_570x180px_rechnungstemplate.png","width":570,"height":180,"caption":"Le Blog de CadeauxFolies"},"image":{"@id":"https:\/\/www.cadeauxfolies.fr\/blog\/#\/schema\/logo\/image\/"}}]}},"_links":{"self":[{"href":"https:\/\/www.cadeauxfolies.fr\/blog\/wp-json\/wp\/v2\/pages\/9604","targetHints":{"allow":["GET"]}}],"collection":[{"href":"https:\/\/www.cadeauxfolies.fr\/blog\/wp-json\/wp\/v2\/pages"}],"about":[{"href":"https:\/\/www.cadeauxfolies.fr\/blog\/wp-json\/wp\/v2\/types\/page"}],"author":[{"embeddable":true,"href":"https:\/\/www.cadeauxfolies.fr\/blog\/wp-json\/wp\/v2\/users\/1"}],"replies":[{"embeddable":true,"href":"https:\/\/www.cadeauxfolies.fr\/blog\/wp-json\/wp\/v2\/comments?post=9604"}],"version-history":[{"count":2,"href":"https:\/\/www.cadeauxfolies.fr\/blog\/wp-json\/wp\/v2\/pages\/9604\/revisions"}],"predecessor-version":[{"id":9607,"href":"https:\/\/www.cadeauxfolies.fr\/blog\/wp-json\/wp\/v2\/pages\/9604\/revisions\/9607"}],"wp:featuredmedia":[{"embeddable":true,"href":"https:\/\/www.cadeauxfolies.fr\/blog\/wp-json\/wp\/v2\/media\/9606"}],"wp:attachment":[{"href":"https:\/\/www.cadeauxfolies.fr\/blog\/wp-json\/wp\/v2\/media?parent=9604"}],"curies":[{"name":"wp","href":"https:\/\/api.w.org\/{rel}","templated":true}]}}